{"id":18,"date":"2024-10-03T13:45:01","date_gmt":"2024-10-03T13:45:01","guid":{"rendered":"https:\/\/n-wealth.net\/?page_id=18"},"modified":"2025-04-16T11:42:55","modified_gmt":"2025-04-16T11:42:55","slug":"tietosuojakaytanto","status":"publish","type":"page","link":"https:\/\/n-wealth.net\/fi\/privacy-policy\/","title":{"rendered":"Tietosuojak\u00e4yt\u00e4nt\u00f6"},"content":{"rendered":"<div data-elementor-type=\"wp-page\" data-elementor-id=\"18\" class=\"elementor elementor-18\" data-elementor-post-type=\"page\">\n\t\t\t\t<div class=\"elementor-element elementor-element-d44c340 e-flex e-con-boxed e-con e-parent\" data-id=\"d44c340\" data-element_type=\"container\" data-e-type=\"container\" data-settings=\"{&quot;background_background&quot;:&quot;classic&quot;}\">\n\t\t\t\t\t<div class=\"e-con-inner\">\n\t\t\t\t<div class=\"elementor-element elementor-element-b17ade5 elementor-widget elementor-widget-spacer\" data-id=\"b17ade5\" data-element_type=\"widget\" data-e-type=\"widget\" data-widget_type=\"spacer.default\">\n\t\t\t\t<div class=\"elementor-widget-container\">\n\t\t\t\t\t\t\t<div class=\"elementor-spacer\">\n\t\t\t<div class=\"elementor-spacer-inner\"><\/div>\n\t\t<\/div>\n\t\t\t\t\t\t<\/div>\n\t\t\t\t<\/div>\n\t\t\t\t<div class=\"elementor-element elementor-element-2948276 elementor-widget elementor-widget-heading\" data-id=\"2948276\" data-element_type=\"widget\" data-e-type=\"widget\" data-widget_type=\"heading.default\">\n\t\t\t\t<div class=\"elementor-widget-container\">\n\t\t\t\t\t<h1 class=\"elementor-heading-title elementor-size-default\">Tietosuojak\u00e4yt\u00e4nt\u00f6\n<\/h1>\t\t\t\t<\/div>\n\t\t\t\t<\/div>\n\t\t\t\t<div class=\"elementor-element elementor-element-99e3e7c elementor-widget elementor-widget-text-editor\" data-id=\"99e3e7c\" data-element_type=\"widget\" data-e-type=\"widget\" data-widget_type=\"text-editor.default\">\n\t\t\t\t<div class=\"elementor-widget-container\">\n\t\t\t\t\t\t\t\t\t<p>T\u00e4m\u00e4 tietosuojak\u00e4yt\u00e4nt\u00f6 koskee N-Wealthi\u00e4 (t\u00e4ss\u00e4 \"Sovellus\") mobiililaitteille (t\u00e4ss\u00e4 \"Palveluntarjoaja\") ilmaisena palveluna. T\u00e4m\u00e4 palvelu on tarkoitettu k\u00e4ytett\u00e4v\u00e4ksi \"SELLAISENAAN\".<\/p>\t\t\t\t\t\t\t\t<\/div>\n\t\t\t\t<\/div>\n\t\t\t\t<div class=\"elementor-element elementor-element-a7e4429 elementor-widget elementor-widget-heading\" data-id=\"a7e4429\" data-element_type=\"widget\" data-e-type=\"widget\" data-widget_type=\"heading.default\">\n\t\t\t\t<div class=\"elementor-widget-container\">\n\t\t\t\t\t<h2 class=\"elementor-heading-title elementor-size-default\">Tietojen ker\u00e4\u00e4minen ja k\u00e4ytt\u00f6\n<\/h2>\t\t\t\t<\/div>\n\t\t\t\t<\/div>\n\t\t\t\t<div class=\"elementor-element elementor-element-8e6cfd0 elementor-widget elementor-widget-text-editor\" data-id=\"8e6cfd0\" data-element_type=\"widget\" data-e-type=\"widget\" data-widget_type=\"text-editor.default\">\n\t\t\t\t<div class=\"elementor-widget-container\">\n\t\t\t\t\t\t\t\t\t<p>Sovellus ker\u00e4\u00e4 tietoja, kun lataat ja k\u00e4yt\u00e4t sit\u00e4. N\u00e4m\u00e4 tiedot voivat sis\u00e4lt\u00e4\u00e4 tietoja, kuten<\/p><ul><li>Laitteesi Internet Protokolla -osoite (esim. IP-osoite)<\/li><li>Sovellukseen k\u00e4ytetty aika<\/li><li>Mobiililaitteessasi k\u00e4ytt\u00e4m\u00e4si k\u00e4ytt\u00f6j\u00e4rjestelm\u00e4<br \/>\u00a0<\/li><\/ul><p>Sovellus ei ker\u00e4\u00e4 tarkkoja tietoja mobiililaitteesi sijainnista.\u00a0<\/p><p>Palveluntarjoaja voi k\u00e4ytt\u00e4\u00e4 antamiasi tietoja ottaakseen sinuun ajoittain yhteytt\u00e4 toimittaakseen sinulle t\u00e4rkeit\u00e4 tietoja, tarvittavia ilmoituksia ja markkinointikampanjoita.<\/p><p>Paremman kokemuksen saamiseksi Sovelluksen k\u00e4yt\u00f6n aikana Palveluntarjoaja voi vaatia sinua antamaan meille tiettyj\u00e4 henkil\u00f6kohtaisia \u200b\u200btunnistetietoja, mukaan lukien, mutta ei rajoittuen, etunimi, sukunimi, s\u00e4hk\u00f6postiosoite, puhelinnumero. Palveluntarjoajan pyyt\u00e4m\u00e4t tiedot s\u00e4ilytet\u00e4\u00e4n ja niit\u00e4 k\u00e4ytet\u00e4\u00e4n t\u00e4ss\u00e4 tietosuojaselosteessa kuvatulla tavalla.<\/p>\t\t\t\t\t\t\t\t<\/div>\n\t\t\t\t<\/div>\n\t\t\t\t<div class=\"elementor-element elementor-element-f57b5ea elementor-widget elementor-widget-heading\" data-id=\"f57b5ea\" data-element_type=\"widget\" data-e-type=\"widget\" data-widget_type=\"heading.default\">\n\t\t\t\t<div class=\"elementor-widget-container\">\n\t\t\t\t\t<h2 class=\"elementor-heading-title elementor-size-default\">Ker\u00e4\u00e4m\u00e4mme tiedot\n<\/h2>\t\t\t\t<\/div>\n\t\t\t\t<\/div>\n\t\t\t\t<div class=\"elementor-element elementor-element-dd18aa6 elementor-widget elementor-widget-text-editor\" data-id=\"dd18aa6\" data-element_type=\"widget\" data-e-type=\"widget\" data-widget_type=\"text-editor.default\">\n\t\t\t\t<div class=\"elementor-widget-container\">\n\t\t\t\t\t\t\t\t\t<p>Henkil\u00f6tiedot, jotka sinua pyydet\u00e4\u00e4n antamaan, ja syyt, miksi sinua pyydet\u00e4\u00e4n antamaan ne, ilmoitetaan sinulle, kun pyyd\u00e4mme sinua antamaan henkil\u00f6tietosi. Jos otat meihin yhteytt\u00e4 suoraan, saatamme saada sinusta lis\u00e4tietoja, kuten nimesi, s\u00e4hk\u00f6postiosoitteesi, puhelinnumerosi, meille l\u00e4hett\u00e4m\u00e4si viestin ja\/tai liitteiden sis\u00e4lt\u00f6 ja kaikki muut tiedot, jotka voit antaa. Kun rekister\u00f6idyt Tilille, voimme pyyt\u00e4\u00e4 yhteystietojasi, mukaan lukien nimi, yrityksen nimi, osoite, s\u00e4hk\u00f6postiosoite ja puhelinnumero.<\/p>\t\t\t\t\t\t\t\t<\/div>\n\t\t\t\t<\/div>\n\t\t\t\t<div class=\"elementor-element elementor-element-a07d7fb elementor-widget elementor-widget-heading\" data-id=\"a07d7fb\" data-element_type=\"widget\" data-e-type=\"widget\" data-widget_type=\"heading.default\">\n\t\t\t\t<div class=\"elementor-widget-container\">\n\t\t\t\t\t<h2 class=\"elementor-heading-title elementor-size-default\">Kolmannen osapuolen p\u00e4\u00e4sy\n<\/h2>\t\t\t\t<\/div>\n\t\t\t\t<\/div>\n\t\t\t\t<div class=\"elementor-element elementor-element-83639c4 elementor-widget elementor-widget-text-editor\" data-id=\"83639c4\" data-element_type=\"widget\" data-e-type=\"widget\" data-widget_type=\"text-editor.default\">\n\t\t\t\t<div class=\"elementor-widget-container\">\n\t\t\t\t\t\t\t\t\t<p>Vain koottuja, anonymisoituja tietoja v\u00e4litet\u00e4\u00e4n ajoittain ulkopuolisille palveluille auttamaan Palveluntarjoajaa Sovelluksen ja palvelun parantamisessa. Palveluntarjoaja voi jakaa tietojasi kolmansille osapuolille t\u00e4ss\u00e4 tietosuojaselosteessa kuvatulla tavalla.<\/p><p>Huomaa, ett\u00e4 Sovellus k\u00e4ytt\u00e4\u00e4 kolmannen osapuolen palveluita, joilla on oma tietosuojak\u00e4yt\u00e4nt\u00f6ns\u00e4 tietojen k\u00e4sittelyst\u00e4. Alla on linkit Sovelluksen k\u00e4ytt\u00e4mien kolmannen osapuolen palveluntarjoajien tietosuojak\u00e4yt\u00e4nt\u00f6ihin:<\/p><ul><li><a href=\"https:\/\/www.google.com\/policies\/privacy\/\" target=\"_blank\" rel=\"noopener\">Google Play Palvelut<\/a><\/li><\/ul><p>Palveluntarjoaja voi luovuttaa K\u00e4ytt\u00e4j\u00e4n toimittamia ja automaattisesti ker\u00e4\u00e4mi\u00e4 tietoja:<\/p><ul><li>lain edellytt\u00e4m\u00e4ll\u00e4 tavalla, esimerkiksi haasteen tai vastaavan oikeudellisen prosessin noudattamiseksi;<\/li><li>kun he uskovat vilpitt\u00f6m\u00e4ss\u00e4 mieless\u00e4, ett\u00e4 tietojen paljastaminen on v\u00e4ltt\u00e4m\u00e4t\u00f6nt\u00e4 heid\u00e4n oikeuksiensa suojelemiseksi, sinun tai muiden turvallisuuden suojelemiseksi, petoksen tutkimiseksi tai hallituksen pyynt\u00f6\u00f6n vastaamiseksi;<\/li><li>luotettujen palveluntarjoajiensa kanssa, jotka ty\u00f6skentelev\u00e4t heid\u00e4n puolestaan, eiv\u00e4t k\u00e4yt\u00e4 itsen\u00e4isesti heille paljastamiamme tietoja ja ovat sitoutuneet noudattamaan t\u00e4ss\u00e4 tietosuojaselosteessa esitettyj\u00e4 s\u00e4\u00e4nt\u00f6j\u00e4.<\/li><\/ul>\t\t\t\t\t\t\t\t<\/div>\n\t\t\t\t<\/div>\n\t\t\t\t<div class=\"elementor-element elementor-element-fd89f49 elementor-widget elementor-widget-heading\" data-id=\"fd89f49\" data-element_type=\"widget\" data-e-type=\"widget\" data-widget_type=\"heading.default\">\n\t\t\t\t<div class=\"elementor-widget-container\">\n\t\t\t\t\t<h2 class=\"elementor-heading-title elementor-size-default\">Opt-Out-oikeudet<\/h2>\t\t\t\t<\/div>\n\t\t\t\t<\/div>\n\t\t\t\t<div class=\"elementor-element elementor-element-b9bf0e7 elementor-widget elementor-widget-text-editor\" data-id=\"b9bf0e7\" data-element_type=\"widget\" data-e-type=\"widget\" data-widget_type=\"text-editor.default\">\n\t\t\t\t<div class=\"elementor-widget-container\">\n\t\t\t\t\t\t\t\t\t<p>Voit lopettaa kaiken tiedon ker\u00e4\u00e4misen sovelluksella helposti poistamalla sen. Voit k\u00e4ytt\u00e4\u00e4 tavallisia asennuksen poistoprosesseja, jotka voivat olla saatavilla osana mobiililaitettasi tai mobiilisovellusmarkkinapaikan tai -verkon kautta.<\/p>\t\t\t\t\t\t\t\t<\/div>\n\t\t\t\t<\/div>\n\t\t\t\t<div class=\"elementor-element elementor-element-fa1e481 elementor-widget elementor-widget-heading\" data-id=\"fa1e481\" data-element_type=\"widget\" data-e-type=\"widget\" data-widget_type=\"heading.default\">\n\t\t\t\t<div class=\"elementor-widget-container\">\n\t\t\t\t\t<h2 class=\"elementor-heading-title elementor-size-default\">Tietojen s\u00e4ilytysk\u00e4yt\u00e4nt\u00f6\n<\/h2>\t\t\t\t<\/div>\n\t\t\t\t<\/div>\n\t\t\t\t<div class=\"elementor-element elementor-element-37033fd elementor-widget elementor-widget-text-editor\" data-id=\"37033fd\" data-element_type=\"widget\" data-e-type=\"widget\" data-widget_type=\"text-editor.default\">\n\t\t\t\t<div class=\"elementor-widget-container\">\n\t\t\t\t\t\t\t\t\t<p>Palveluntarjoaja s\u00e4ilytt\u00e4\u00e4 K\u00e4ytt\u00e4j\u00e4n toimittamia tietoja niin kauan kuin k\u00e4yt\u00e4t Sovellusta ja kohtuullisen ajan sen j\u00e4lkeen. Jos haluat heid\u00e4n poistavan K\u00e4ytt\u00e4j\u00e4n toimittamat tiedot, jotka olet antanut sovelluksen kautta, ota yhteytt\u00e4 heihin osoitteessa\u00a0<a href=\"mailto:support@n-wealth.net\">support@n-wealth.net<\/a> ja he vastaavat kohtuullisessa ajassa.<\/p>\t\t\t\t\t\t\t\t<\/div>\n\t\t\t\t<\/div>\n\t\t\t\t<div class=\"elementor-element elementor-element-e953931 elementor-widget elementor-widget-heading\" data-id=\"e953931\" data-element_type=\"widget\" data-e-type=\"widget\" data-widget_type=\"heading.default\">\n\t\t\t\t<div class=\"elementor-widget-container\">\n\t\t\t\t\t<h2 class=\"elementor-heading-title elementor-size-default\">Lapset\n<\/h2>\t\t\t\t<\/div>\n\t\t\t\t<\/div>\n\t\t\t\t<div class=\"elementor-element elementor-element-908b1f0 elementor-widget elementor-widget-text-editor\" data-id=\"908b1f0\" data-element_type=\"widget\" data-e-type=\"widget\" data-widget_type=\"text-editor.default\">\n\t\t\t\t<div class=\"elementor-widget-container\">\n\t\t\t\t\t\t\t\t\t<p>Palveluntarjoaja ei k\u00e4yt\u00e4 Sovellusta tietoisesti tiedon hankkimiseen tai markkinoimiseen alle 18-vuotiailta lapsilta.<\/p><p>Sovellus ei ole tarkoitettu alle 18-vuotiaille. Palveluntarjoaja ei tietoisesti ker\u00e4\u00e4 henkil\u00f6tietoja alle 18-vuotiailta lapsilta. Jos Palveluntarjoaja havaitsee, ett\u00e4 alle 18-vuotias lapsi on antanut henkil\u00f6tietoja, Palveluntarjoaja poistaa ne v\u00e4litt\u00f6m\u00e4sti palvelimiltaan. Jos olet vanhempi tai huoltaja ja tied\u00e4t, ett\u00e4 lapsesi on antanut meille henkil\u00f6tietoja, ota yhteytt\u00e4 Palveluntarjoajaan (<a href=\"mailto:support@n-wealth.net\">support@n-wealth.net<\/a>), jotta he voivat ryhty\u00e4 tarvittaviin toimiin.<\/p>\t\t\t\t\t\t\t\t<\/div>\n\t\t\t\t<\/div>\n\t\t\t\t<div class=\"elementor-element elementor-element-7d3234f elementor-widget elementor-widget-heading\" data-id=\"7d3234f\" data-element_type=\"widget\" data-e-type=\"widget\" data-widget_type=\"heading.default\">\n\t\t\t\t<div class=\"elementor-widget-container\">\n\t\t\t\t\t<h2 class=\"elementor-heading-title elementor-size-default\">Turvallisuus\n<\/h2>\t\t\t\t<\/div>\n\t\t\t\t<\/div>\n\t\t\t\t<div class=\"elementor-element elementor-element-08836d7 elementor-widget elementor-widget-text-editor\" data-id=\"08836d7\" data-element_type=\"widget\" data-e-type=\"widget\" data-widget_type=\"text-editor.default\">\n\t\t\t\t<div class=\"elementor-widget-container\">\n\t\t\t\t\t\t\t\t\tPalveluntarjoaja on huolissaan tietojesi luottamuksellisuuden turvaamisesta. Palveluntarjoaja tarjoaa fyysisi\u00e4, s\u00e4hk\u00f6isi\u00e4 ja menettelyllisi\u00e4 takeita palveluntarjoajan k\u00e4sittelemien ja yll\u00e4pit\u00e4mien tietojen suojaamiseksi.\t\t\t\t\t\t\t\t<\/div>\n\t\t\t\t<\/div>\n\t\t\t\t<div class=\"elementor-element elementor-element-0136bbb elementor-widget elementor-widget-heading\" data-id=\"0136bbb\" data-element_type=\"widget\" data-e-type=\"widget\" data-widget_type=\"heading.default\">\n\t\t\t\t<div class=\"elementor-widget-container\">\n\t\t\t\t\t<h2 class=\"elementor-heading-title elementor-size-default\">Muutokset<\/h2>\t\t\t\t<\/div>\n\t\t\t\t<\/div>\n\t\t\t\t<div class=\"elementor-element elementor-element-639dbd1 elementor-widget elementor-widget-text-editor\" data-id=\"639dbd1\" data-element_type=\"widget\" data-e-type=\"widget\" data-widget_type=\"text-editor.default\">\n\t\t\t\t<div class=\"elementor-widget-container\">\n\t\t\t\t\t\t\t\t\tT\u00e4t\u00e4 tietosuojak\u00e4yt\u00e4nt\u00f6\u00e4 voidaan p\u00e4ivitt\u00e4\u00e4 ajoittain mist\u00e4 tahansa syyst\u00e4. Palveluntarjoaja ilmoittaa sinulle tietosuojaselosteen muutoksista p\u00e4ivitt\u00e4m\u00e4ll\u00e4 t\u00e4lle sivulle uuden tietosuojak\u00e4yt\u00e4nn\u00f6n. Sinua kehotetaan tutustumaan t\u00e4h\u00e4n tietosuojak\u00e4yt\u00e4nt\u00f6\u00f6n s\u00e4\u00e4nn\u00f6llisesti mahdollisten muutosten varalta, koska k\u00e4yt\u00f6n jatkaminen katsotaan kaikkien muutosten hyv\u00e4ksynn\u00e4ksi.\n\n<b>T\u00e4m\u00e4 tietosuojak\u00e4yt\u00e4nt\u00f6 on voimassa 2024-01-01<\/b>\t\t\t\t\t\t\t\t<\/div>\n\t\t\t\t<\/div>\n\t\t\t\t<div class=\"elementor-element elementor-element-08432d9 elementor-widget elementor-widget-heading\" data-id=\"08432d9\" data-element_type=\"widget\" data-e-type=\"widget\" data-widget_type=\"heading.default\">\n\t\t\t\t<div class=\"elementor-widget-container\">\n\t\t\t\t\t<h2 class=\"elementor-heading-title elementor-size-default\">Sinun suostumuksesi\n<\/h2>\t\t\t\t<\/div>\n\t\t\t\t<\/div>\n\t\t\t\t<div class=\"elementor-element elementor-element-4a3fdcc elementor-widget elementor-widget-text-editor\" data-id=\"4a3fdcc\" data-element_type=\"widget\" data-e-type=\"widget\" data-widget_type=\"text-editor.default\">\n\t\t\t\t<div class=\"elementor-widget-container\">\n\t\t\t\t\t\t\t\t\tK\u00e4ytt\u00e4m\u00e4ll\u00e4 Sovellusta hyv\u00e4ksyt tietojesi k\u00e4sittelyn t\u00e4ss\u00e4 tietosuojaselosteessa nyt ja meid\u00e4n muuttamamme mukaisesti.\t\t\t\t\t\t\t\t<\/div>\n\t\t\t\t<\/div>\n\t\t\t\t<div class=\"elementor-element elementor-element-34cf9b6 elementor-widget elementor-widget-heading\" data-id=\"34cf9b6\" data-element_type=\"widget\" data-e-type=\"widget\" data-widget_type=\"heading.default\">\n\t\t\t\t<div class=\"elementor-widget-container\">\n\t\t\t\t\t<h2 class=\"elementor-heading-title elementor-size-default\">Ota yhteytt\u00e4\n<\/h2>\t\t\t\t<\/div>\n\t\t\t\t<\/div>\n\t\t\t\t<div class=\"elementor-element elementor-element-33a0f98 elementor-widget elementor-widget-text-editor\" data-id=\"33a0f98\" data-element_type=\"widget\" data-e-type=\"widget\" data-widget_type=\"text-editor.default\">\n\t\t\t\t<div class=\"elementor-widget-container\">\n\t\t\t\t\t\t\t\t\t<p>Jos sinulla on kysytt\u00e4v\u00e4\u00e4 tietosuojasta Sovelluksen k\u00e4yt\u00f6n aikana tai sinulla on kysytt\u00e4v\u00e4\u00e4 k\u00e4yt\u00e4nn\u00f6ist\u00e4, ota yhteytt\u00e4 Palveluntarjoajaan s\u00e4hk\u00f6postitse osoitteessa\u00a0<a href=\"mailto:support@n-wealth.net\">support@n-wealth.net<\/a><\/p>\t\t\t\t\t\t\t\t<\/div>\n\t\t\t\t<\/div>\n\t\t\t\t<div class=\"elementor-element elementor-element-2bd4107 elementor-widget elementor-widget-spacer\" data-id=\"2bd4107\" data-element_type=\"widget\" data-e-type=\"widget\" data-widget_type=\"spacer.default\">\n\t\t\t\t<div class=\"elementor-widget-container\">\n\t\t\t\t\t\t\t<div class=\"elementor-spacer\">\n\t\t\t<div class=\"elementor-spacer-inner\"><\/div>\n\t\t<\/div>\n\t\t\t\t\t\t<\/div>\n\t\t\t\t<\/div>\n\t\t\t\t\t<\/div>\n\t\t\t\t<\/div>\n\t\t\t\t<\/div>","protected":false},"excerpt":{"rendered":"<p>Privacy Policy This privacy policy applies to the N-Wealth\u00a0(hereby referred to as \u201cApplication\u201d) for mobile devices (hereby referred to as \u201cService Provider\u201d) as a Free service. This service is intended for use \u201cAS IS\u201d. Information Collection and Use The Application collects information when you download and use it. This information may include information such as [&hellip;]<\/p>\n","protected":false},"author":1,"featured_media":0,"parent":0,"menu_order":0,"comment_status":"closed","ping_status":"closed","template":"","meta":{"footnotes":""},"class_list":["post-18","page","type-page","status-publish","hentry"],"_links":{"self":[{"href":"https:\/\/n-wealth.net\/fi\/wp-json\/wp\/v2\/pages\/18","targetHints":{"allow":["GET"]}}],"collection":[{"href":"https:\/\/n-wealth.net\/fi\/wp-json\/wp\/v2\/pages"}],"about":[{"href":"https:\/\/n-wealth.net\/fi\/wp-json\/wp\/v2\/types\/page"}],"author":[{"embeddable":true,"href":"https:\/\/n-wealth.net\/fi\/wp-json\/wp\/v2\/users\/1"}],"replies":[{"embeddable":true,"href":"https:\/\/n-wealth.net\/fi\/wp-json\/wp\/v2\/comments?post=18"}],"version-history":[{"count":52,"href":"https:\/\/n-wealth.net\/fi\/wp-json\/wp\/v2\/pages\/18\/revisions"}],"predecessor-version":[{"id":1208,"href":"https:\/\/n-wealth.net\/fi\/wp-json\/wp\/v2\/pages\/18\/revisions\/1208"}],"wp:attachment":[{"href":"https:\/\/n-wealth.net\/fi\/wp-json\/wp\/v2\/media?parent=18"}],"curies":[{"name":"wp","href":"https:\/\/api.w.org\/{rel}","templated":true}]}}