{"id":18,"date":"2024-10-03T13:45:01","date_gmt":"2024-10-03T13:45:01","guid":{"rendered":"https:\/\/n-wealth.net\/?page_id=18"},"modified":"2025-04-16T11:42:55","modified_gmt":"2025-04-16T11:42:55","slug":"datenschutzrichtlinie","status":"publish","type":"page","link":"https:\/\/n-wealth.net\/de\/privacy-policy\/","title":{"rendered":"Datenschutzrichtlinie"},"content":{"rendered":"<div data-elementor-type=\"wp-page\" data-elementor-id=\"18\" class=\"elementor elementor-18\" data-elementor-post-type=\"page\">\n\t\t\t\t<div class=\"elementor-element elementor-element-d44c340 e-flex e-con-boxed e-con e-parent\" data-id=\"d44c340\" data-element_type=\"container\" data-e-type=\"container\" data-settings=\"{&quot;background_background&quot;:&quot;classic&quot;}\">\n\t\t\t\t\t<div class=\"e-con-inner\">\n\t\t\t\t<div class=\"elementor-element elementor-element-b17ade5 elementor-widget elementor-widget-spacer\" data-id=\"b17ade5\" data-element_type=\"widget\" data-e-type=\"widget\" data-widget_type=\"spacer.default\">\n\t\t\t\t<div class=\"elementor-widget-container\">\n\t\t\t\t\t\t\t<div class=\"elementor-spacer\">\n\t\t\t<div class=\"elementor-spacer-inner\"><\/div>\n\t\t<\/div>\n\t\t\t\t\t\t<\/div>\n\t\t\t\t<\/div>\n\t\t\t\t<div class=\"elementor-element elementor-element-2948276 elementor-widget elementor-widget-heading\" data-id=\"2948276\" data-element_type=\"widget\" data-e-type=\"widget\" data-widget_type=\"heading.default\">\n\t\t\t\t<div class=\"elementor-widget-container\">\n\t\t\t\t\t<h1 class=\"elementor-heading-title elementor-size-default\">Datenschutzrichtlinie\n<\/h1>\t\t\t\t<\/div>\n\t\t\t\t<\/div>\n\t\t\t\t<div class=\"elementor-element elementor-element-99e3e7c elementor-widget elementor-widget-text-editor\" data-id=\"99e3e7c\" data-element_type=\"widget\" data-e-type=\"widget\" data-widget_type=\"text-editor.default\">\n\t\t\t\t<div class=\"elementor-widget-container\">\n\t\t\t\t\t\t\t\t\t<p>Diese Datenschutzrichtlinie gilt f\u00fcr N-Wealth (im Folgenden \u201eAnwendung\u201c genannt) f\u00fcr Mobilger\u00e4te (im Folgenden \u201eDienstanbieter\u201c genannt) als kostenlosen Dienst. Dieser Dienst wird zur Nutzung \u201ewie besehen\u201c bereitgestellt.<\/p>\t\t\t\t\t\t\t\t<\/div>\n\t\t\t\t<\/div>\n\t\t\t\t<div class=\"elementor-element elementor-element-a7e4429 elementor-widget elementor-widget-heading\" data-id=\"a7e4429\" data-element_type=\"widget\" data-e-type=\"widget\" data-widget_type=\"heading.default\">\n\t\t\t\t<div class=\"elementor-widget-container\">\n\t\t\t\t\t<h2 class=\"elementor-heading-title elementor-size-default\">Datenerfassung und -nutzung\n<\/h2>\t\t\t\t<\/div>\n\t\t\t\t<\/div>\n\t\t\t\t<div class=\"elementor-element elementor-element-8e6cfd0 elementor-widget elementor-widget-text-editor\" data-id=\"8e6cfd0\" data-element_type=\"widget\" data-e-type=\"widget\" data-widget_type=\"text-editor.default\">\n\t\t\t\t<div class=\"elementor-widget-container\">\n\t\t\t\t\t\t\t\t\t<p>Die Anwendung sammelt Informationen, wenn Sie sie herunterladen und verwenden. Diese Informationen k\u00f6nnen beispielsweise folgende Daten umfassen:<\/p><ul><li>Internetprotokolladresse (IP-Adresse) Ihres Ger\u00e4ts<\/li><li>Die f\u00fcr die Anwendung aufgewendete Zeit<\/li><li>Das Betriebssystem, das Sie auf Ihrem Mobilger\u00e4t verwenden<br \/>\u00a0<\/li><\/ul><p>Die Anwendung sammelt keine genauen Informationen \u00fcber den Standort Ihres Mobilger\u00e4ts.\u00a0<\/p><p>Der Dienstanbieter kann die von Ihnen angegebenen Informationen nutzen, um Sie von Zeit zu Zeit zu kontaktieren und Ihnen wichtige Informationen, erforderliche Hinweise und Marketingaktionen zukommen zu lassen.<\/p><p>Um Ihnen eine optimale Nutzung der Anwendung zu erm\u00f6glichen, kann der Dienstanbieter Sie bitten, uns bestimmte personenbezogene Daten mitzuteilen, darunter Vorname, Nachname, E-Mail-Adresse und Telefonnummer. Die vom Dienstanbieter angeforderten Informationen werden von diesem gespeichert und gem\u00e4\u00df dieser Datenschutzerkl\u00e4rung verwendet.<\/p>\t\t\t\t\t\t\t\t<\/div>\n\t\t\t\t<\/div>\n\t\t\t\t<div class=\"elementor-element elementor-element-f57b5ea elementor-widget elementor-widget-heading\" data-id=\"f57b5ea\" data-element_type=\"widget\" data-e-type=\"widget\" data-widget_type=\"heading.default\">\n\t\t\t\t<div class=\"elementor-widget-container\">\n\t\t\t\t\t<h2 class=\"elementor-heading-title elementor-size-default\">Informationen, die wir sammeln\n<\/h2>\t\t\t\t<\/div>\n\t\t\t\t<\/div>\n\t\t\t\t<div class=\"elementor-element elementor-element-dd18aa6 elementor-widget elementor-widget-text-editor\" data-id=\"dd18aa6\" data-element_type=\"widget\" data-e-type=\"widget\" data-widget_type=\"text-editor.default\">\n\t\t\t\t<div class=\"elementor-widget-container\">\n\t\t\t\t\t\t\t\t\t<p>Die von Ihnen angeforderten personenbezogenen Daten und die Gr\u00fcnde f\u00fcr deren Erhebung werden Ihnen zum Zeitpunkt der Datenerhebung klar mitgeteilt. Wenn Sie uns direkt kontaktieren, erhalten wir m\u00f6glicherweise zus\u00e4tzliche Informationen \u00fcber Sie, wie z. B. Ihren Namen, Ihre E-Mail-Adresse, Ihre Telefonnummer, den Inhalt Ihrer Nachricht und\/oder Anh\u00e4nge sowie alle weiteren Informationen, die Sie uns freiwillig mitteilen. Bei der Registrierung f\u00fcr ein Konto fragen wir m\u00f6glicherweise nach Ihren Kontaktdaten, einschlie\u00dflich Name, Firmenname, Adresse, E-Mail-Adresse und Telefonnummer.<\/p>\t\t\t\t\t\t\t\t<\/div>\n\t\t\t\t<\/div>\n\t\t\t\t<div class=\"elementor-element elementor-element-a07d7fb elementor-widget elementor-widget-heading\" data-id=\"a07d7fb\" data-element_type=\"widget\" data-e-type=\"widget\" data-widget_type=\"heading.default\">\n\t\t\t\t<div class=\"elementor-widget-container\">\n\t\t\t\t\t<h2 class=\"elementor-heading-title elementor-size-default\">Zugriff Dritter\n<\/h2>\t\t\t\t<\/div>\n\t\t\t\t<\/div>\n\t\t\t\t<div class=\"elementor-element elementor-element-83639c4 elementor-widget elementor-widget-text-editor\" data-id=\"83639c4\" data-element_type=\"widget\" data-e-type=\"widget\" data-widget_type=\"text-editor.default\">\n\t\t\t\t<div class=\"elementor-widget-container\">\n\t\t\t\t\t\t\t\t\t<p>Lediglich aggregierte, anonymisierte Daten werden regelm\u00e4\u00dfig an externe Dienste \u00fcbermittelt, um den Dienstanbieter bei der Verbesserung der Anwendung und seiner Dienste zu unterst\u00fctzen. Der Dienstanbieter kann Ihre Daten in der in dieser Datenschutzerkl\u00e4rung beschriebenen Weise an Dritte weitergeben.<\/p><p>Bitte beachten Sie, dass die Anwendung Dienste von Drittanbietern nutzt, die eigene Datenschutzrichtlinien f\u00fcr den Umgang mit Daten haben. Nachfolgend finden Sie die Links zu den Datenschutzrichtlinien der von der Anwendung verwendeten Drittanbieter:<\/p><ul><li><a href=\"https:\/\/www.google.com\/policies\/privacy\/\" target=\"_blank\" rel=\"noopener\">Google Play-Dienste<\/a><\/li><\/ul><p>Der Dienstanbieter kann vom Nutzer bereitgestellte und automatisch erfasste Informationen offenlegen:<\/p><ul><li>wie gesetzlich vorgeschrieben, beispielsweise zur Erf\u00fcllung einer Vorladung oder eines \u00e4hnlichen Rechtsverfahrens;<\/li><li>wenn sie in gutem Glauben davon \u00fcberzeugt sind, dass die Offenlegung notwendig ist, um ihre Rechte zu sch\u00fctzen, Ihre Sicherheit oder die Sicherheit anderer zu gew\u00e4hrleisten, Betrugsf\u00e4lle zu untersuchen oder auf eine beh\u00f6rdliche Anfrage zu reagieren;<\/li><li>mit ihren vertrauensw\u00fcrdigen Dienstleistern, die in ihrem Auftrag arbeiten, keine eigenst\u00e4ndige Nutzung der von uns offengelegten Informationen vornehmen und sich verpflichtet haben, die in dieser Datenschutzerkl\u00e4rung festgelegten Regeln einzuhalten.<\/li><\/ul>\t\t\t\t\t\t\t\t<\/div>\n\t\t\t\t<\/div>\n\t\t\t\t<div class=\"elementor-element elementor-element-fd89f49 elementor-widget elementor-widget-heading\" data-id=\"fd89f49\" data-element_type=\"widget\" data-e-type=\"widget\" data-widget_type=\"heading.default\">\n\t\t\t\t<div class=\"elementor-widget-container\">\n\t\t\t\t\t<h2 class=\"elementor-heading-title elementor-size-default\">Widerspruchsrechte<\/h2>\t\t\t\t<\/div>\n\t\t\t\t<\/div>\n\t\t\t\t<div class=\"elementor-element elementor-element-b9bf0e7 elementor-widget elementor-widget-text-editor\" data-id=\"b9bf0e7\" data-element_type=\"widget\" data-e-type=\"widget\" data-widget_type=\"text-editor.default\">\n\t\t\t\t<div class=\"elementor-widget-container\">\n\t\t\t\t\t\t\t\t\t<p>Sie k\u00f6nnen die Datenerfassung durch die Anwendung ganz einfach beenden, indem Sie sie deinstallieren. Nutzen Sie dazu die Standard-Deinstallationsprozesse Ihres Mobilger\u00e4ts oder des App-Stores.<\/p>\t\t\t\t\t\t\t\t<\/div>\n\t\t\t\t<\/div>\n\t\t\t\t<div class=\"elementor-element elementor-element-fa1e481 elementor-widget elementor-widget-heading\" data-id=\"fa1e481\" data-element_type=\"widget\" data-e-type=\"widget\" data-widget_type=\"heading.default\">\n\t\t\t\t<div class=\"elementor-widget-container\">\n\t\t\t\t\t<h2 class=\"elementor-heading-title elementor-size-default\">Datenaufbewahrungsrichtlinie\n<\/h2>\t\t\t\t<\/div>\n\t\t\t\t<\/div>\n\t\t\t\t<div class=\"elementor-element elementor-element-37033fd elementor-widget elementor-widget-text-editor\" data-id=\"37033fd\" data-element_type=\"widget\" data-e-type=\"widget\" data-widget_type=\"text-editor.default\">\n\t\t\t\t<div class=\"elementor-widget-container\">\n\t\t\t\t\t\t\t\t\t<p>Der Dienstanbieter speichert die von Ihnen bereitgestellten Daten so lange, wie Sie die Anwendung nutzen, und f\u00fcr einen angemessenen Zeitraum danach. Wenn Sie m\u00f6chten, dass Ihre \u00fcber die Anwendung bereitgestellten Daten gel\u00f6scht werden, kontaktieren Sie den Dienstanbieter bitte unter [E-Mail-Adresse einf\u00fcgen].\u00a0<a href=\"mailto:support@n-wealth.net\">support@n-wealth.net<\/a> und sie werden innerhalb einer angemessenen Frist antworten.<\/p>\t\t\t\t\t\t\t\t<\/div>\n\t\t\t\t<\/div>\n\t\t\t\t<div class=\"elementor-element elementor-element-e953931 elementor-widget elementor-widget-heading\" data-id=\"e953931\" data-element_type=\"widget\" data-e-type=\"widget\" data-widget_type=\"heading.default\">\n\t\t\t\t<div class=\"elementor-widget-container\">\n\t\t\t\t\t<h2 class=\"elementor-heading-title elementor-size-default\">Kinder\n<\/h2>\t\t\t\t<\/div>\n\t\t\t\t<\/div>\n\t\t\t\t<div class=\"elementor-element elementor-element-908b1f0 elementor-widget elementor-widget-text-editor\" data-id=\"908b1f0\" data-element_type=\"widget\" data-e-type=\"widget\" data-widget_type=\"text-editor.default\">\n\t\t\t\t<div class=\"elementor-widget-container\">\n\t\t\t\t\t\t\t\t\t<p>Der Dienstanbieter nutzt die Anwendung nicht, um wissentlich Daten von Kindern unter 18 Jahren zu erheben oder ihnen Werbung zukommen zu lassen.<\/p><p>Die Anwendung richtet sich nicht an Personen unter 18 Jahren. Der Dienstanbieter erhebt wissentlich keine personenbezogenen Daten von Kindern unter 18 Jahren. Sollte der Dienstanbieter feststellen, dass ein Kind unter 18 Jahren personenbezogene Daten angegeben hat, wird er diese umgehend von seinen Servern l\u00f6schen. Wenn Sie Elternteil oder Erziehungsberechtigter sind und feststellen, dass Ihr Kind uns personenbezogene Daten \u00fcbermittelt hat, kontaktieren Sie bitte den Dienstanbieter (<a href=\"mailto:support@n-wealth.net\">support@n-wealth.net<\/a>damit sie die notwendigen Ma\u00dfnahmen ergreifen k\u00f6nnen.<\/p>\t\t\t\t\t\t\t\t<\/div>\n\t\t\t\t<\/div>\n\t\t\t\t<div class=\"elementor-element elementor-element-7d3234f elementor-widget elementor-widget-heading\" data-id=\"7d3234f\" data-element_type=\"widget\" data-e-type=\"widget\" data-widget_type=\"heading.default\">\n\t\t\t\t<div class=\"elementor-widget-container\">\n\t\t\t\t\t<h2 class=\"elementor-heading-title elementor-size-default\">Sicherheit\n<\/h2>\t\t\t\t<\/div>\n\t\t\t\t<\/div>\n\t\t\t\t<div class=\"elementor-element elementor-element-08836d7 elementor-widget elementor-widget-text-editor\" data-id=\"08836d7\" data-element_type=\"widget\" data-e-type=\"widget\" data-widget_type=\"text-editor.default\">\n\t\t\t\t<div class=\"elementor-widget-container\">\n\t\t\t\t\t\t\t\t\tDer Dienstanbieter legt Wert auf die Vertraulichkeit Ihrer Daten. Er setzt physische, elektronische und organisatorische Sicherheitsma\u00dfnahmen ein, um die von ihm verarbeiteten und gespeicherten Daten zu sch\u00fctzen.\t\t\t\t\t\t\t\t<\/div>\n\t\t\t\t<\/div>\n\t\t\t\t<div class=\"elementor-element elementor-element-0136bbb elementor-widget elementor-widget-heading\" data-id=\"0136bbb\" data-element_type=\"widget\" data-e-type=\"widget\" data-widget_type=\"heading.default\">\n\t\t\t\t<div class=\"elementor-widget-container\">\n\t\t\t\t\t<h2 class=\"elementor-heading-title elementor-size-default\">Changes<\/h2>\t\t\t\t<\/div>\n\t\t\t\t<\/div>\n\t\t\t\t<div class=\"elementor-element elementor-element-639dbd1 elementor-widget elementor-widget-text-editor\" data-id=\"639dbd1\" data-element_type=\"widget\" data-e-type=\"widget\" data-widget_type=\"text-editor.default\">\n\t\t\t\t<div class=\"elementor-widget-container\">\n\t\t\t\t\t\t\t\t\tDiese Datenschutzrichtlinie kann aus beliebigen Gr\u00fcnden von Zeit zu Zeit aktualisiert werden. Der Dienstanbieter wird Sie \u00fcber alle \u00c4nderungen der Datenschutzrichtlinie informieren, indem er diese Seite mit der neuen Datenschutzrichtlinie aktualisiert. Wir empfehlen Ihnen, diese Datenschutzrichtlinie regelm\u00e4\u00dfig auf \u00c4nderungen zu \u00fcberpr\u00fcfen, da die fortgesetzte Nutzung als Zustimmung zu allen \u00c4nderungen gilt.\n\n<b>Diese Datenschutzrichtlinie ist ab dem 1. Januar 2024 g\u00fcltig.<\/b>\t\t\t\t\t\t\t\t<\/div>\n\t\t\t\t<\/div>\n\t\t\t\t<div class=\"elementor-element elementor-element-08432d9 elementor-widget elementor-widget-heading\" data-id=\"08432d9\" data-element_type=\"widget\" data-e-type=\"widget\" data-widget_type=\"heading.default\">\n\t\t\t\t<div class=\"elementor-widget-container\">\n\t\t\t\t\t<h2 class=\"elementor-heading-title elementor-size-default\">Ihre Zustimmung\n<\/h2>\t\t\t\t<\/div>\n\t\t\t\t<\/div>\n\t\t\t\t<div class=\"elementor-element elementor-element-4a3fdcc elementor-widget elementor-widget-text-editor\" data-id=\"4a3fdcc\" data-element_type=\"widget\" data-e-type=\"widget\" data-widget_type=\"text-editor.default\">\n\t\t\t\t<div class=\"elementor-widget-container\">\n\t\t\t\t\t\t\t\t\tDurch die Nutzung der Anwendung stimmen Sie der Verarbeitung Ihrer Daten gem\u00e4\u00df dieser Datenschutzerkl\u00e4rung in ihrer jeweils g\u00fcltigen Fassung zu.\t\t\t\t\t\t\t\t<\/div>\n\t\t\t\t<\/div>\n\t\t\t\t<div class=\"elementor-element elementor-element-34cf9b6 elementor-widget elementor-widget-heading\" data-id=\"34cf9b6\" data-element_type=\"widget\" data-e-type=\"widget\" data-widget_type=\"heading.default\">\n\t\t\t\t<div class=\"elementor-widget-container\">\n\t\t\t\t\t<h2 class=\"elementor-heading-title elementor-size-default\">Kontaktieren Sie uns\n<\/h2>\t\t\t\t<\/div>\n\t\t\t\t<\/div>\n\t\t\t\t<div class=\"elementor-element elementor-element-33a0f98 elementor-widget elementor-widget-text-editor\" data-id=\"33a0f98\" data-element_type=\"widget\" data-e-type=\"widget\" data-widget_type=\"text-editor.default\">\n\t\t\t\t<div class=\"elementor-widget-container\">\n\t\t\t\t\t\t\t\t\t<p>Wenn Sie Fragen zum Datenschutz bei der Nutzung der Anwendung oder zu den Datenschutzpraktiken haben, kontaktieren Sie bitte den Dienstanbieter per E-Mail unter\u00a0<a href=\"mailto:support@n-wealth.net\">support@n-wealth.net<\/a><\/p>\t\t\t\t\t\t\t\t<\/div>\n\t\t\t\t<\/div>\n\t\t\t\t<div class=\"elementor-element elementor-element-2bd4107 elementor-widget elementor-widget-spacer\" data-id=\"2bd4107\" data-element_type=\"widget\" data-e-type=\"widget\" data-widget_type=\"spacer.default\">\n\t\t\t\t<div class=\"elementor-widget-container\">\n\t\t\t\t\t\t\t<div class=\"elementor-spacer\">\n\t\t\t<div class=\"elementor-spacer-inner\"><\/div>\n\t\t<\/div>\n\t\t\t\t\t\t<\/div>\n\t\t\t\t<\/div>\n\t\t\t\t\t<\/div>\n\t\t\t\t<\/div>\n\t\t\t\t<\/div>","protected":false},"excerpt":{"rendered":"<p>Privacy Policy This privacy policy applies to the N-Wealth\u00a0(hereby referred to as \u201cApplication\u201d) for mobile devices (hereby referred to as \u201cService Provider\u201d) as a Free service. This service is intended for use \u201cAS IS\u201d. Information Collection and Use The Application collects information when you download and use it. This information may include information such as [&hellip;]<\/p>\n","protected":false},"author":1,"featured_media":0,"parent":0,"menu_order":0,"comment_status":"closed","ping_status":"closed","template":"","meta":{"footnotes":""},"class_list":["post-18","page","type-page","status-publish","hentry"],"_links":{"self":[{"href":"https:\/\/n-wealth.net\/de\/wp-json\/wp\/v2\/pages\/18","targetHints":{"allow":["GET"]}}],"collection":[{"href":"https:\/\/n-wealth.net\/de\/wp-json\/wp\/v2\/pages"}],"about":[{"href":"https:\/\/n-wealth.net\/de\/wp-json\/wp\/v2\/types\/page"}],"author":[{"embeddable":true,"href":"https:\/\/n-wealth.net\/de\/wp-json\/wp\/v2\/users\/1"}],"replies":[{"embeddable":true,"href":"https:\/\/n-wealth.net\/de\/wp-json\/wp\/v2\/comments?post=18"}],"version-history":[{"count":52,"href":"https:\/\/n-wealth.net\/de\/wp-json\/wp\/v2\/pages\/18\/revisions"}],"predecessor-version":[{"id":1208,"href":"https:\/\/n-wealth.net\/de\/wp-json\/wp\/v2\/pages\/18\/revisions\/1208"}],"wp:attachment":[{"href":"https:\/\/n-wealth.net\/de\/wp-json\/wp\/v2\/media?parent=18"}],"curies":[{"name":"wp","href":"https:\/\/api.w.org\/{rel}","templated":true}]}}